{"id":1745,"date":"2023-10-25T14:15:25","date_gmt":"2023-10-25T17:15:25","guid":{"rendered":"https:\/\/portalderevistas.unq.edu.ar\/?page_id=1745"},"modified":"2025-12-17T12:54:26","modified_gmt":"2025-12-17T15:54:26","slug":"home","status":"publish","type":"page","link":"https:\/\/portalderevistas.unq.edu.ar\/","title":{"rendered":"Inicio"},"content":{"rendered":"\t\t<div data-elementor-type=\"wp-page\" data-elementor-id=\"1745\" class=\"elementor elementor-1745\">\n\t\t\t\t\t\t<section class=\"elementor-section elementor-top-section elementor-element elementor-element-3581d3d elementor-section-boxed elementor-section-height-default elementor-section-height-default wpr-particle-no wpr-jarallax-no wpr-parallax-no wpr-sticky-section-no\" data-id=\"3581d3d\" data-element_type=\"section\">\n\t\t\t\t\t\t<div class=\"elementor-container elementor-column-gap-default\">\n\t\t\t\t\t<div class=\"elementor-column elementor-col-25 elementor-top-column elementor-element elementor-element-b8232c5\" data-id=\"b8232c5\" data-element_type=\"column\">\n\t\t\t<div class=\"elementor-widget-wrap elementor-element-populated\">\n\t\t\t\t\t\t<div class=\"elementor-element elementor-element-e57337b elementor-position-left elementor-vertical-align-middle elementor-widget elementor-widget-image-box\" data-id=\"e57337b\" data-element_type=\"widget\" data-widget_type=\"image-box.default\">\n\t\t\t\t<div class=\"elementor-widget-container\">\n\t\t\t\t\t<div class=\"elementor-image-box-wrapper\"><figure class=\"elementor-image-box-img\"><a href=\"https:\/\/portalderevistas.unq.edu.ar\/?page_id=2366\" tabindex=\"-1\"><img decoding=\"async\" width=\"32\" height=\"32\" src=\"https:\/\/portalderevistas.unq.edu.ar\/wp-content\/uploads\/2023\/10\/newspaper.png\" class=\"attachment-medium_large size-medium_large wp-image-1779\" alt=\"\" \/><\/a><\/figure><div class=\"elementor-image-box-content\"><h3 class=\"elementor-image-box-title\"><a href=\"https:\/\/portalderevistas.unq.edu.ar\/?page_id=2366\">Publicaciones UNQ<\/a><\/h3><\/div><\/div>\t\t\t\t<\/div>\n\t\t\t\t<\/div>\n\t\t\t\t\t<\/div>\n\t\t<\/div>\n\t\t\t\t<div class=\"elementor-column elementor-col-25 elementor-top-column elementor-element elementor-element-6b617f5\" data-id=\"6b617f5\" data-element_type=\"column\">\n\t\t\t<div class=\"elementor-widget-wrap elementor-element-populated\">\n\t\t\t\t\t\t<div class=\"elementor-element elementor-element-458665b elementor-position-left elementor-vertical-align-middle elementor-widget elementor-widget-image-box\" data-id=\"458665b\" data-element_type=\"widget\" data-widget_type=\"image-box.default\">\n\t\t\t\t<div class=\"elementor-widget-container\">\n\t\t\t\t\t<div class=\"elementor-image-box-wrapper\"><figure class=\"elementor-image-box-img\"><a href=\"https:\/\/portalderevistas.unq.edu.ar\/?page_id=239\" tabindex=\"-1\"><img decoding=\"async\" width=\"32\" height=\"32\" src=\"https:\/\/portalderevistas.unq.edu.ar\/wp-content\/uploads\/2023\/10\/index.png\" class=\"attachment-medium size-medium wp-image-1780\" alt=\"\" \/><\/a><\/figure><div class=\"elementor-image-box-content\"><h3 class=\"elementor-image-box-title\"><a href=\"https:\/\/portalderevistas.unq.edu.ar\/?page_id=239\">Visibilizaci\u00f3n<\/a><\/h3><\/div><\/div>\t\t\t\t<\/div>\n\t\t\t\t<\/div>\n\t\t\t\t\t<\/div>\n\t\t<\/div>\n\t\t\t\t<div class=\"elementor-column elementor-col-25 elementor-top-column elementor-element elementor-element-76a1f79\" data-id=\"76a1f79\" data-element_type=\"column\">\n\t\t\t<div class=\"elementor-widget-wrap elementor-element-populated\">\n\t\t\t\t\t\t<div class=\"elementor-element elementor-element-1a48ebb elementor-position-left elementor-vertical-align-middle elementor-widget elementor-widget-image-box\" data-id=\"1a48ebb\" data-element_type=\"widget\" data-widget_type=\"image-box.default\">\n\t\t\t\t<div class=\"elementor-widget-container\">\n\t\t\t\t\t<div class=\"elementor-image-box-wrapper\"><figure class=\"elementor-image-box-img\"><a href=\"https:\/\/ridaa.unq.edu.ar\/\" target=\"_blank\" tabindex=\"-1\"><img fetchpriority=\"high\" decoding=\"async\" width=\"250\" height=\"256\" src=\"https:\/\/portalderevistas.unq.edu.ar\/wp-content\/uploads\/2023\/11\/logo_ridaa.png\" class=\"attachment-medium_large size-medium_large wp-image-2186\" alt=\"\" \/><\/a><\/figure><div class=\"elementor-image-box-content\"><h3 class=\"elementor-image-box-title\"><a href=\"https:\/\/ridaa.unq.edu.ar\/\" target=\"_blank\">RIDAA-UNQ<\/a><\/h3><\/div><\/div>\t\t\t\t<\/div>\n\t\t\t\t<\/div>\n\t\t\t\t\t<\/div>\n\t\t<\/div>\n\t\t\t\t<div class=\"elementor-column elementor-col-25 elementor-top-column elementor-element elementor-element-f9624e8\" data-id=\"f9624e8\" data-element_type=\"column\">\n\t\t\t<div class=\"elementor-widget-wrap elementor-element-populated\">\n\t\t\t\t\t\t<div class=\"elementor-element elementor-element-4396886 elementor-position-left elementor-widget__width-initial elementor-vertical-align-middle elementor-widget elementor-widget-image-box\" data-id=\"4396886\" data-element_type=\"widget\" data-widget_type=\"image-box.default\">\n\t\t\t\t<div class=\"elementor-widget-container\">\n\t\t\t\t\t<div class=\"elementor-image-box-wrapper\"><figure class=\"elementor-image-box-img\"><a href=\"https:\/\/biblio.unq.edu.ar\/\" tabindex=\"-1\"><img loading=\"lazy\" decoding=\"async\" width=\"32\" height=\"32\" src=\"https:\/\/portalderevistas.unq.edu.ar\/wp-content\/uploads\/2023\/10\/index.png\" class=\"attachment-medium_large size-medium_large wp-image-1780\" alt=\"\" \/><\/a><\/figure><div class=\"elementor-image-box-content\"><h3 class=\"elementor-image-box-title\"><a href=\"https:\/\/biblio.unq.edu.ar\/\">Biblioteca UNQ<\/a><\/h3><\/div><\/div>\t\t\t\t<\/div>\n\t\t\t\t<\/div>\n\t\t\t\t\t<\/div>\n\t\t<\/div>\n\t\t\t\t\t<\/div>\n\t\t<\/section>\n\t\t\t\t<\/div>\n\t\t","protected":false},"excerpt":{"rendered":"<p>Publicaciones UNQ Visibilizaci\u00f3n RIDAA-UNQ Biblioteca UNQ<\/p>\n","protected":false},"author":2,"featured_media":0,"parent":0,"menu_order":0,"comment_status":"closed","ping_status":"closed","template":"","meta":{"footnotes":""},"class_list":["post-1745","page","type-page","status-publish","hentry","post"],"yoast_head":"<!-- This site is optimized with the Yoast SEO plugin v26.5 - https:\/\/yoast.com\/wordpress\/plugins\/seo\/ -->\n<title>Inicio - Portal de Revistas de la UNQ<\/title>\n<meta name=\"description\" content=\"El Portal de Revistas de la Universidad Nacional de Quilmes es un servicio orientado a la difusi\u00f3n del conocimiento acad\u00e9mico-cient\u00edfico\" \/>\n<meta name=\"robots\" content=\"index, follow, max-snippet:-1, max-image-preview:large, max-video-preview:-1\" \/>\n<link rel=\"canonical\" href=\"https:\/\/portalderevistas.unq.edu.ar\/\" \/>\n<meta property=\"og:locale\" content=\"es_ES\" \/>\n<meta property=\"og:type\" content=\"article\" \/>\n<meta property=\"og:title\" content=\"Inicio - Portal de Revistas de la UNQ\" \/>\n<meta property=\"og:description\" content=\"El Portal de Revistas de la Universidad Nacional de Quilmes es un servicio orientado a la difusi\u00f3n del conocimiento acad\u00e9mico-cient\u00edfico\" \/>\n<meta property=\"og:url\" content=\"https:\/\/portalderevistas.unq.edu.ar\/\" \/>\n<meta property=\"og:site_name\" content=\"Portal de Revistas de la UNQ\" \/>\n<meta property=\"article:modified_time\" content=\"2025-12-17T15:54:26+00:00\" \/>\n<meta property=\"og:image\" content=\"https:\/\/portalderevistas.unq.edu.ar\/wp-content\/uploads\/2023\/10\/newspaper.png\" \/>\n\t<meta property=\"og:image:width\" content=\"32\" \/>\n\t<meta property=\"og:image:height\" content=\"32\" \/>\n\t<meta property=\"og:image:type\" content=\"image\/png\" \/>\n<meta name=\"twitter:card\" content=\"summary_large_image\" \/>\n<meta name=\"twitter:label1\" content=\"Tiempo de lectura\" \/>\n\t<meta name=\"twitter:data1\" content=\"1 minuto\" \/>\n<script type=\"application\/ld+json\" class=\"yoast-schema-graph\">{\"@context\":\"https:\/\/schema.org\",\"@graph\":[{\"@type\":\"WebPage\",\"@id\":\"https:\/\/portalderevistas.unq.edu.ar\/\",\"url\":\"https:\/\/portalderevistas.unq.edu.ar\/\",\"name\":\"Inicio - Portal de Revistas de la UNQ\",\"isPartOf\":{\"@id\":\"https:\/\/portalderevistas.unq.edu.ar\/#website\"},\"primaryImageOfPage\":{\"@id\":\"https:\/\/portalderevistas.unq.edu.ar\/#primaryimage\"},\"image\":{\"@id\":\"https:\/\/portalderevistas.unq.edu.ar\/#primaryimage\"},\"thumbnailUrl\":\"https:\/\/portalderevistas.unq.edu.ar\/wp-content\/uploads\/2023\/10\/newspaper.png\",\"datePublished\":\"2023-10-25T17:15:25+00:00\",\"dateModified\":\"2025-12-17T15:54:26+00:00\",\"description\":\"El Portal de Revistas de la Universidad Nacional de Quilmes es un servicio orientado a la difusi\u00f3n del conocimiento acad\u00e9mico-cient\u00edfico\",\"breadcrumb\":{\"@id\":\"https:\/\/portalderevistas.unq.edu.ar\/#breadcrumb\"},\"inLanguage\":\"es-AR\",\"potentialAction\":[{\"@type\":\"ReadAction\",\"target\":[\"https:\/\/portalderevistas.unq.edu.ar\/\"]}]},{\"@type\":\"ImageObject\",\"inLanguage\":\"es-AR\",\"@id\":\"https:\/\/portalderevistas.unq.edu.ar\/#primaryimage\",\"url\":\"https:\/\/portalderevistas.unq.edu.ar\/wp-content\/uploads\/2023\/10\/newspaper.png\",\"contentUrl\":\"https:\/\/portalderevistas.unq.edu.ar\/wp-content\/uploads\/2023\/10\/newspaper.png\",\"width\":32,\"height\":32},{\"@type\":\"BreadcrumbList\",\"@id\":\"https:\/\/portalderevistas.unq.edu.ar\/#breadcrumb\",\"itemListElement\":[{\"@type\":\"ListItem\",\"position\":1,\"name\":\"Inicio\",\"item\":\"https:\/\/portalderevistas.unq.edu.ar\/\"},{\"@type\":\"ListItem\",\"position\":2,\"name\":\"Inicio\"}]},{\"@type\":\"WebSite\",\"@id\":\"https:\/\/portalderevistas.unq.edu.ar\/#website\",\"url\":\"https:\/\/portalderevistas.unq.edu.ar\/\",\"name\":\"Portal de Revistas de la UNQ\",\"description\":\"\",\"publisher\":{\"@id\":\"https:\/\/portalderevistas.unq.edu.ar\/#organization\"},\"potentialAction\":[{\"@type\":\"SearchAction\",\"target\":{\"@type\":\"EntryPoint\",\"urlTemplate\":\"https:\/\/portalderevistas.unq.edu.ar\/?s={search_term_string}\"},\"query-input\":{\"@type\":\"PropertyValueSpecification\",\"valueRequired\":true,\"valueName\":\"search_term_string\"}}],\"inLanguage\":\"es-AR\"},{\"@type\":\"Organization\",\"@id\":\"https:\/\/portalderevistas.unq.edu.ar\/#organization\",\"name\":\"Portal de Revistas de la UNQ\",\"url\":\"https:\/\/portalderevistas.unq.edu.ar\/\",\"logo\":{\"@type\":\"ImageObject\",\"inLanguage\":\"es-AR\",\"@id\":\"https:\/\/portalderevistas.unq.edu.ar\/#\/schema\/logo\/image\/\",\"url\":\"https:\/\/portalderevistas.unq.edu.ar\/wp-content\/uploads\/2021\/10\/cropped-PortalLogo2-1.png\",\"contentUrl\":\"https:\/\/portalderevistas.unq.edu.ar\/wp-content\/uploads\/2021\/10\/cropped-PortalLogo2-1.png\",\"width\":692,\"height\":155,\"caption\":\"Portal de Revistas de la UNQ\"},\"image\":{\"@id\":\"https:\/\/portalderevistas.unq.edu.ar\/#\/schema\/logo\/image\/\"}}]}<\/script>\n<!-- \/ Yoast SEO plugin. -->","yoast_head_json":{"title":"Inicio - Portal de Revistas de la UNQ","description":"El Portal de Revistas de la Universidad Nacional de Quilmes es un servicio orientado a la difusi\u00f3n del conocimiento acad\u00e9mico-cient\u00edfico","robots":{"index":"index","follow":"follow","max-snippet":"max-snippet:-1","max-image-preview":"max-image-preview:large","max-video-preview":"max-video-preview:-1"},"canonical":"https:\/\/portalderevistas.unq.edu.ar\/","og_locale":"es_ES","og_type":"article","og_title":"Inicio - Portal de Revistas de la UNQ","og_description":"El Portal de Revistas de la Universidad Nacional de Quilmes es un servicio orientado a la difusi\u00f3n del conocimiento acad\u00e9mico-cient\u00edfico","og_url":"https:\/\/portalderevistas.unq.edu.ar\/","og_site_name":"Portal de Revistas de la UNQ","article_modified_time":"2025-12-17T15:54:26+00:00","og_image":[{"width":32,"height":32,"url":"https:\/\/portalderevistas.unq.edu.ar\/wp-content\/uploads\/2023\/10\/newspaper.png","type":"image\/png"}],"twitter_card":"summary_large_image","twitter_misc":{"Tiempo de lectura":"1 minuto"},"schema":{"@context":"https:\/\/schema.org","@graph":[{"@type":"WebPage","@id":"https:\/\/portalderevistas.unq.edu.ar\/","url":"https:\/\/portalderevistas.unq.edu.ar\/","name":"Inicio - Portal de Revistas de la UNQ","isPartOf":{"@id":"https:\/\/portalderevistas.unq.edu.ar\/#website"},"primaryImageOfPage":{"@id":"https:\/\/portalderevistas.unq.edu.ar\/#primaryimage"},"image":{"@id":"https:\/\/portalderevistas.unq.edu.ar\/#primaryimage"},"thumbnailUrl":"https:\/\/portalderevistas.unq.edu.ar\/wp-content\/uploads\/2023\/10\/newspaper.png","datePublished":"2023-10-25T17:15:25+00:00","dateModified":"2025-12-17T15:54:26+00:00","description":"El Portal de Revistas de la Universidad Nacional de Quilmes es un servicio orientado a la difusi\u00f3n del conocimiento acad\u00e9mico-cient\u00edfico","breadcrumb":{"@id":"https:\/\/portalderevistas.unq.edu.ar\/#breadcrumb"},"inLanguage":"es-AR","potentialAction":[{"@type":"ReadAction","target":["https:\/\/portalderevistas.unq.edu.ar\/"]}]},{"@type":"ImageObject","inLanguage":"es-AR","@id":"https:\/\/portalderevistas.unq.edu.ar\/#primaryimage","url":"https:\/\/portalderevistas.unq.edu.ar\/wp-content\/uploads\/2023\/10\/newspaper.png","contentUrl":"https:\/\/portalderevistas.unq.edu.ar\/wp-content\/uploads\/2023\/10\/newspaper.png","width":32,"height":32},{"@type":"BreadcrumbList","@id":"https:\/\/portalderevistas.unq.edu.ar\/#breadcrumb","itemListElement":[{"@type":"ListItem","position":1,"name":"Inicio","item":"https:\/\/portalderevistas.unq.edu.ar\/"},{"@type":"ListItem","position":2,"name":"Inicio"}]},{"@type":"WebSite","@id":"https:\/\/portalderevistas.unq.edu.ar\/#website","url":"https:\/\/portalderevistas.unq.edu.ar\/","name":"Portal de Revistas de la UNQ","description":"","publisher":{"@id":"https:\/\/portalderevistas.unq.edu.ar\/#organization"},"potentialAction":[{"@type":"SearchAction","target":{"@type":"EntryPoint","urlTemplate":"https:\/\/portalderevistas.unq.edu.ar\/?s={search_term_string}"},"query-input":{"@type":"PropertyValueSpecification","valueRequired":true,"valueName":"search_term_string"}}],"inLanguage":"es-AR"},{"@type":"Organization","@id":"https:\/\/portalderevistas.unq.edu.ar\/#organization","name":"Portal de Revistas de la UNQ","url":"https:\/\/portalderevistas.unq.edu.ar\/","logo":{"@type":"ImageObject","inLanguage":"es-AR","@id":"https:\/\/portalderevistas.unq.edu.ar\/#\/schema\/logo\/image\/","url":"https:\/\/portalderevistas.unq.edu.ar\/wp-content\/uploads\/2021\/10\/cropped-PortalLogo2-1.png","contentUrl":"https:\/\/portalderevistas.unq.edu.ar\/wp-content\/uploads\/2021\/10\/cropped-PortalLogo2-1.png","width":692,"height":155,"caption":"Portal de Revistas de la UNQ"},"image":{"@id":"https:\/\/portalderevistas.unq.edu.ar\/#\/schema\/logo\/image\/"}}]}},"_links":{"self":[{"href":"https:\/\/portalderevistas.unq.edu.ar\/index.php?rest_route=\/wp\/v2\/pages\/1745","targetHints":{"allow":["GET"]}}],"collection":[{"href":"https:\/\/portalderevistas.unq.edu.ar\/index.php?rest_route=\/wp\/v2\/pages"}],"about":[{"href":"https:\/\/portalderevistas.unq.edu.ar\/index.php?rest_route=\/wp\/v2\/types\/page"}],"author":[{"embeddable":true,"href":"https:\/\/portalderevistas.unq.edu.ar\/index.php?rest_route=\/wp\/v2\/users\/2"}],"replies":[{"embeddable":true,"href":"https:\/\/portalderevistas.unq.edu.ar\/index.php?rest_route=%2Fwp%2Fv2%2Fcomments&post=1745"}],"version-history":[{"count":117,"href":"https:\/\/portalderevistas.unq.edu.ar\/index.php?rest_route=\/wp\/v2\/pages\/1745\/revisions"}],"predecessor-version":[{"id":2429,"href":"https:\/\/portalderevistas.unq.edu.ar\/index.php?rest_route=\/wp\/v2\/pages\/1745\/revisions\/2429"}],"wp:attachment":[{"href":"https:\/\/portalderevistas.unq.edu.ar\/index.php?rest_route=%2Fwp%2Fv2%2Fmedia&parent=1745"}],"curies":[{"name":"wp","href":"https:\/\/api.w.org\/{rel}","templated":true}]}}